{"id":106,"date":"2023-01-11T11:19:13","date_gmt":"2023-01-11T10:19:13","guid":{"rendered":"https:\/\/app-dromtrappor.iyvmxlwvf7-ypj68nz7v6l2.p.temp-site.link\/stockholm-furniture-fair-2023\/"},"modified":"2023-10-25T15:05:03","modified_gmt":"2023-10-25T13:05:03","slug":"stockholm-furniture-fair-2023-2","status":"publish","type":"page","link":"https:\/\/www.dromtrappor.se\/en\/hemvist\/stockholm-furniture-fair-2023\/","title":{"rendered":"Stockholm Furniture Fair 2023"},"content":{"rendered":"<h2 style=\"line-height: 1.5;\">At Stockholm Furniture Fair 2023 we present the Hemvist collection<br \/>\n- a collaboration between Dr\u00f6mtrappor and designer Alexander Lervik.<\/h2>\n<p>The Hemvist collection is a tribute to Dr\u00f6mtrappor, to our history and craftsmanship, while exploring the boundaries of what we consider a piece of furniture.<\/p>\n<p>Hemvist represents Dr\u00f6mtrappor&#039;s origin, the closeness to nature and the material from which our stairs are made - wood. A material that is vibrant, strong and durable, making it the perfect choice for stairs.<\/p>\n<p>Hemvist will be presented in its entirety at the Stockholm Furniture &amp; Light Fair, with an opening date of February 7, 2023.<\/p>\n<p><strong>Welcome!<\/strong><\/p>\n<p>&nbsp;<\/p>\n<table style=\"border-collapse: collapse; width: 100%; height: 120px;\">\n<tbody>\n<tr style=\"height: 24px;\">\n<td style=\"width: 26.6892%; height: 24px;\">Date<\/td>\n<td style=\"width: 73.3108%; height: 24px;\">23.02.07 &#8211; 11<\/td>\n<\/tr>\n<tr style=\"height: 24px;\">\n<td style=\"width: 26.6892%; height: 24px;\">Tue-Fri<\/td>\n<td style=\"width: 73.3108%; height: 24px;\">09.00 &#8211; 18.00<\/td>\n<\/tr>\n<tr style=\"height: 24px;\">\n<td style=\"width: 26.6892%; height: 24px;\">Sat<\/td>\n<td style=\"width: 73.3108%; height: 24px;\">09.00 &#8211; 17.00<\/td>\n<\/tr>\n<tr style=\"height: 24px;\">\n<td style=\"width: 26.6892%; height: 24px;\">Booth<\/td>\n<td style=\"width: 73.3108%; height: 24px;\">C16:30<\/td>\n<\/tr>\n<tr style=\"height: 24px;\">\n<td style=\"width: 26.6892%; height: 24px;\">Contact<\/td>\n<td style=\"width: 73.3108%; height: 24px;\">Peter Vidmark +(46) 918 258 07<\/td>\n<\/tr>\n<\/tbody>\n<\/table>","protected":false},"excerpt":{"rendered":"<p>P\u00e5 Stockholm Furniture Fair 2023 presenterar vi Hemvist-kollektionen &#8211; ett samarbete mellan Dr\u00f6mtrappor och designern Alexander Lervik. Hemvist-kollektionen \u00e4r en hyllning till Dr\u00f6mtrappor, till v\u00e5r historia och v\u00e5rt hantverk, samtidigt som den utforskar gr\u00e4nserna f\u00f6r vad vi anser vara en m\u00f6bel. Hemvist representerar Dr\u00f6mtrappors ursprung, n\u00e4rheten till naturen och det material som v\u00e5ra trappor tillverkas av &#8211; tr\u00e4. Ett material som \u00e4r levande, starkt och h\u00e5llbart, vilket g\u00f6r det till det perfekta valet f\u00f6r trappor. Hemvist kommer att presenteras i sin helhet p\u00e5 Stockholm Furniture &amp; Light Fair, med \u00f6ppningsdag den 7 februari 2023. V\u00e4lkommen! &nbsp; Datum 23.02.07 &#8211; 11 [&hellip;]<\/p>\n","protected":false},"author":1,"featured_media":16750,"parent":110,"menu_order":0,"comment_status":"closed","ping_status":"closed","template":"","meta":{"_acf_changed":false,"footnotes":""},"sidtyp":[],"class_list":["post-106","page","type-page","status-publish","has-post-thumbnail","hentry"],"acf":[],"_links":{"self":[{"href":"https:\/\/www.dromtrappor.se\/en\/wp-json\/wp\/v2\/pages\/106","targetHints":{"allow":["GET"]}}],"collection":[{"href":"https:\/\/www.dromtrappor.se\/en\/wp-json\/wp\/v2\/pages"}],"about":[{"href":"https:\/\/www.dromtrappor.se\/en\/wp-json\/wp\/v2\/types\/page"}],"author":[{"embeddable":true,"href":"https:\/\/www.dromtrappor.se\/en\/wp-json\/wp\/v2\/users\/1"}],"replies":[{"embeddable":true,"href":"https:\/\/www.dromtrappor.se\/en\/wp-json\/wp\/v2\/comments?post=106"}],"version-history":[{"count":5,"href":"https:\/\/www.dromtrappor.se\/en\/wp-json\/wp\/v2\/pages\/106\/revisions"}],"predecessor-version":[{"id":20195,"href":"https:\/\/www.dromtrappor.se\/en\/wp-json\/wp\/v2\/pages\/106\/revisions\/20195"}],"up":[{"embeddable":true,"href":"https:\/\/www.dromtrappor.se\/en\/wp-json\/wp\/v2\/pages\/110"}],"wp:featuredmedia":[{"embeddable":true,"href":"https:\/\/www.dromtrappor.se\/en\/wp-json\/wp\/v2\/media\/16750"}],"wp:attachment":[{"href":"https:\/\/www.dromtrappor.se\/en\/wp-json\/wp\/v2\/media?parent=106"}],"wp:term":[{"taxonomy":"sidtyp","embeddable":true,"href":"https:\/\/www.dromtrappor.se\/en\/wp-json\/wp\/v2\/sidtyp?post=106"}],"curies":[{"name":"wp","href":"https:\/\/api.w.org\/{rel}","templated":true}]}}