{"id":111,"date":"2023-05-16T09:45:48","date_gmt":"2023-05-16T07:45:48","guid":{"rendered":"https:\/\/app-dromtrappor.iyvmxlwvf7-ypj68nz7v6l2.p.temp-site.link\/100ar\/"},"modified":"2023-10-25T15:00:12","modified_gmt":"2023-10-25T13:00:12","slug":"100s","status":"publish","type":"page","link":"https:\/\/www.dromtrappor.se\/en\/100ar\/","title":{"rendered":"We at Dr\u00f6mtrappor are celebrating 100 years!"},"content":{"rendered":"<h2>Since 1923, we have manufactured stairs in Norsj\u00f6 and have since then been part of the town, as a large employer but also as part of society. It started as B\u00f6le Snickerifabrik, which then became Tr\u00e4trappor and now under the name Dr\u00f6mtrappor.<\/h2>\n<p>After all, the forest is a prerequisite for production and has also offered both work and recreation for the people here, but also a very fine raw material - and the fact that the forest has always been central has also meant that the knowledge of the craftsmanship in woodworking has grown strong and has been an important reason why Dr\u00f6mtrappor as a company has also stayed in this small community in V\u00e4sterbotten since its inception.<\/p>\n<p>Competence and drive are a prerequisite. We push ourselves to constantly develop in order to earn another 100 years as a market leader in the industry, says Johan Jonsson, CEO at Dr\u00f6mtrappor.<\/p>\n<p>During the last century, Dr\u00f6mtrappor has built up a solid and well-trimmed organization with sales channels throughout the country, but the heart - the production unit - is in Norsj\u00f6. The company has a strong desire to continue to be the leading stair manufacturer in the Nordics for the next 100 years and is prepared to invest in both technology and competence, but also in new collaborations and new markets.<\/p>\n<p>A collaboration that drew attention this year is with Alexander Lervik, a well-known Swedish furniture and interior designer.<\/p>\n<p>- The first time I visited Dr\u00f6mtrappor, I actually got goosebumps when I saw the hands-on work that takes place in the factory and the great professional knowledge that prevails among their employees. It was through them that I figured out how we could make the Hemvist a flexible staircase that can be specially adapted and at the same time put into series production. The fact that most of the wood also comes from the forests in the area makes Dr\u00f6mtrappor a fantastic company to work with, says Alexander.<\/p>\n<p>&quot;Based on the furniture history of the 20th century and a focus on craftsmanship and details, Alexander Lervik has created a collection together with us that celebrates our history and explores the limits of what we call furniture. Feels incredibly exciting and the right step to take this year!\u201d continues Johan Jonsson<\/p>\n<p>It is therefore about an active decision to try to change the view of the staircase - to make the market see it more as a piece of furniture than just as a functional part.<\/p>\n<p>The launch of the new staircase concept took place at the Stockholm Furniture Fair earlier this spring. The staircase series Hemvist and is a tribute to Dr\u00f6mtrappor, to their history, building traditions and craftsmanship, while exploring the limits of what we consider a piece of furniture. The Hemvist collection is not just a new product for Dr\u00f6mtrappor; the construction makes it possible to easily replace individual steps when they wear out, which is a completely new technology in the stair industry.<\/p>\n<p>&quot;We have every opportunity to celebrate many more anniversaries!&quot; concludes Johan, who is both proud and impressed by what Dr\u00f6mtrappor has achieved over the years.<\/p>\n<p><strong>If you want to read more about Hemvist, do so here.<\/strong><br \/>\n<a href=\"https:\/\/www.dromtrappor.se\/en\/residence\/\">https:\/\/www.dromtrappor.se\/hemvist\/<\/a><\/p>","protected":false},"excerpt":{"rendered":"<p>Sedan 1923 har vi tillverkat trappor i Norsj\u00f6 och har sedan dess varit en del av orten, som en stor arbetsgivare men ocks\u00e5 som en del av i samh\u00e4llet. Det b\u00f6rjade som B\u00f6le Snickerifabrik, som sedan blev Tr\u00e4trappor och nu under namnet Dr\u00f6mtrappor. Skogen \u00e4r ju en f\u00f6ruts\u00e4ttning f\u00f6r produktionen och har dessutom erbjudit b\u00e5de arbete och rekreation f\u00f6r m\u00e4nniskorna h\u00e4r, men ocks\u00e5 en mycket fin r\u00e5vara \u2013 och det faktum att skogen alltid varit central har ocks\u00e5 gjort att kunskapen om hantverket inom tr\u00e4arbete vuxit sig stark och varit en viktig anledning till att Dr\u00f6mtrappor som f\u00f6retag ocks\u00e5 stannat [&hellip;]<\/p>\n","protected":false},"author":1,"featured_media":17354,"parent":0,"menu_order":14,"comment_status":"closed","ping_status":"closed","template":"","meta":{"_acf_changed":false,"footnotes":""},"sidtyp":[],"class_list":["post-111","page","type-page","status-publish","has-post-thumbnail","hentry"],"acf":[],"_links":{"self":[{"href":"https:\/\/www.dromtrappor.se\/en\/wp-json\/wp\/v2\/pages\/111","targetHints":{"allow":["GET"]}}],"collection":[{"href":"https:\/\/www.dromtrappor.se\/en\/wp-json\/wp\/v2\/pages"}],"about":[{"href":"https:\/\/www.dromtrappor.se\/en\/wp-json\/wp\/v2\/types\/page"}],"author":[{"embeddable":true,"href":"https:\/\/www.dromtrappor.se\/en\/wp-json\/wp\/v2\/users\/1"}],"replies":[{"embeddable":true,"href":"https:\/\/www.dromtrappor.se\/en\/wp-json\/wp\/v2\/comments?post=111"}],"version-history":[{"count":3,"href":"https:\/\/www.dromtrappor.se\/en\/wp-json\/wp\/v2\/pages\/111\/revisions"}],"predecessor-version":[{"id":20190,"href":"https:\/\/www.dromtrappor.se\/en\/wp-json\/wp\/v2\/pages\/111\/revisions\/20190"}],"wp:featuredmedia":[{"embeddable":true,"href":"https:\/\/www.dromtrappor.se\/en\/wp-json\/wp\/v2\/media\/17354"}],"wp:attachment":[{"href":"https:\/\/www.dromtrappor.se\/en\/wp-json\/wp\/v2\/media?parent=111"}],"wp:term":[{"taxonomy":"sidtyp","embeddable":true,"href":"https:\/\/www.dromtrappor.se\/en\/wp-json\/wp\/v2\/sidtyp?post=111"}],"curies":[{"name":"wp","href":"https:\/\/api.w.org\/{rel}","templated":true}]}}