{"id":20372,"date":"2023-11-16T05:19:10","date_gmt":"2023-11-16T04:19:10","guid":{"rendered":"https:\/\/www.dromtrappor.se\/?page_id=20372"},"modified":"2023-11-22T11:25:10","modified_gmt":"2023-11-22T10:25:10","slug":"conditions-for-yesdrom-stairs","status":"publish","type":"page","link":"https:\/\/www.dromtrappor.se\/en\/villkor-for-yesdromtrappor\/","title":{"rendered":"Terms of #yes dream stairs"},"content":{"rendered":"<p>We at Dr\u00f6mtrappor appreciate seeing our products in real-world settings on social media, and we may ask to share photos you&#039;ve posted on Instagram on our channels. These channels primarily include Dr\u00f6mtrappor&#039;s websites (dromtrappor.se, restair.se), but may also include other Dr\u00f6mtrappor channels, such as our newsletter and social media platforms.<\/p>\n<p>By replying with <strong>#yes dream stairs<\/strong> or <strong>#yesdrom stairs<\/strong> on an image requested by Dr\u00f6mtrappor on Instagram, hereinafter referred to as &#039;image(s)&#039;, you agree to the following:<\/p>\n<p>You grant Dr\u00f6mtrappor AB, a Swedish company with registration number 556309-7038 (hereinafter referred to as &#039;Dr\u00f6mtrappor&#039;), a non-exclusive, royalty-free, worldwide license to use your images for their marketing and advertising purposes as Dr\u00f6mtrappor sees fit, without any obligations to you. This includes the right to reproduce, distribute, modify and edit your images.<\/p>\n<p>These conditions are governed by Swedish legislation. These conditions are governed by Swedish legislation. Any disputes arising from this agreement shall be settled by the Ume\u00e5 district court.<\/p>\n<p>For questions regarding our services or data protection, you are always welcome to contact us at kundservice@dromtrappor.se.<\/p>\n<p>To withdraw your consent to share your photos with Dr\u00f6mtrappor, please send us a request to do so.<\/p>","protected":false},"excerpt":{"rendered":"<p>Vi p\u00e5 Dr\u00f6mtrappor uppskattar att se v\u00e5ra produkter i verkliga milj\u00f6er p\u00e5 sociala medier, och vi kan komma att be om att f\u00e5 dela bilder som du har lagt upp p\u00e5 Instagram p\u00e5 v\u00e5ra kanaler. Dessa kanaler inkluderar fr\u00e4mst Dr\u00f6mtrappors webbplatser (dromtrappor.se, restair.se), men kan \u00e4ven omfatta andra av Dr\u00f6mtrappors kanaler, s\u00e5som v\u00e5rt nyhetsbrev och sociala medieplattformar. Genom att svara med #yesdr\u00f6mtrappor eller #yesdromtrappor p\u00e5 en bild som Dr\u00f6mtrappor har bett om p\u00e5 Instagram, h\u00e4danefter ben\u00e4mnd som &#8216;bild(er)&#8217;, samtycker du till f\u00f6ljande: Du beviljar Dr\u00f6mtrappor AB, ett svenskt f\u00f6retag med organisationsnummer 556309-7038 (h\u00e4danefter kallat &#8216;Dr\u00f6mtrappor&#8217;), en icke-exklusiv, royaltyfri, global licens [&hellip;]<\/p>\n","protected":false},"author":1,"featured_media":0,"parent":0,"menu_order":0,"comment_status":"closed","ping_status":"closed","template":"","meta":{"_acf_changed":false,"footnotes":""},"sidtyp":[],"class_list":["post-20372","page","type-page","status-publish","hentry"],"acf":[],"_links":{"self":[{"href":"https:\/\/www.dromtrappor.se\/en\/wp-json\/wp\/v2\/pages\/20372","targetHints":{"allow":["GET"]}}],"collection":[{"href":"https:\/\/www.dromtrappor.se\/en\/wp-json\/wp\/v2\/pages"}],"about":[{"href":"https:\/\/www.dromtrappor.se\/en\/wp-json\/wp\/v2\/types\/page"}],"author":[{"embeddable":true,"href":"https:\/\/www.dromtrappor.se\/en\/wp-json\/wp\/v2\/users\/1"}],"replies":[{"embeddable":true,"href":"https:\/\/www.dromtrappor.se\/en\/wp-json\/wp\/v2\/comments?post=20372"}],"version-history":[{"count":5,"href":"https:\/\/www.dromtrappor.se\/en\/wp-json\/wp\/v2\/pages\/20372\/revisions"}],"predecessor-version":[{"id":20396,"href":"https:\/\/www.dromtrappor.se\/en\/wp-json\/wp\/v2\/pages\/20372\/revisions\/20396"}],"wp:attachment":[{"href":"https:\/\/www.dromtrappor.se\/en\/wp-json\/wp\/v2\/media?parent=20372"}],"wp:term":[{"taxonomy":"sidtyp","embeddable":true,"href":"https:\/\/www.dromtrappor.se\/en\/wp-json\/wp\/v2\/sidtyp?post=20372"}],"curies":[{"name":"wp","href":"https:\/\/api.w.org\/{rel}","templated":true}]}}