{"id":32,"date":"2017-05-01T09:30:23","date_gmt":"2017-05-01T07:30:23","guid":{"rendered":"https:\/\/app-dromtrappor.iyvmxlwvf7-ypj68nz7v6l2.p.temp-site.link\/for-dig-som-arkitekt-eller-byggnadskonsult\/"},"modified":"2023-10-25T14:32:14","modified_gmt":"2023-10-25T12:32:14","slug":"for-you-as-an-architect-or-building-consultant","status":"publish","type":"page","link":"https:\/\/www.dromtrappor.se\/en\/for-dig-som-arkitekt-eller-byggnadskonsult\/","title":{"rendered":"For you as an architect or building consultant"},"content":{"rendered":"<p>You can also find here on the site a lot of files and documents to download, such as design instructions, technical descriptions and some selected CAD files for the most common forms of stairs. You can find all of this under Customer Service Companies in our section for <a href=\"https:\/\/www.dromtrappor.se\/en\/documentation\/\">documentation<\/a> and <a href=\"https:\/\/www.dromtrappor.se\/en\/row-and-knowledge\/\">counseling<\/a>.<\/p>\n<p>If you don&#039;t find what you are looking for <a href=\"https:\/\/www.dromtrappor.se\/en\/contact-us\/\">Contact Us<\/a> then we will help you with your questions.<\/p>\n<p>Did you know that we are happy to deliver series-produced stairs designed to suit your construction project. And if you need help with installation, we can fix that too. We can deliver the stairs factory-assembled in a run. This means that in the factory we have already assembled the riser, riser and riser or b-strip in one to three parts, which are then lifted into place in the stairwell. This means that the stairs can be assembled in a shorter time. We can also manage your end customers&#039; options if you choose one of our basic stairs for your project, and help you to develop suitable options that suit the project.<\/p>\n<p>&nbsp;<\/p>\n<p><img decoding=\"async\" src=\"\/\/dromtrappor.se\/wp-content\/uploads\/2017\/04\/icons.svg\" alt=\"\" width=\"100%\"><\/p>\n<p>&nbsp;<\/p>\n<p><a href=\"https:\/\/www.dromtrappor.se\/en\/row-and-knowledge\/optional-handling\/\">Read more about our optional handling<\/a><\/p>","protected":false},"excerpt":{"rendered":"<p>Du kan ocks\u00e5 h\u00e4r p\u00e5 sajten hitta en hel del filer och dokument att ladda ner, till exempel projekteringsanvisningar, tekniska beskrivningar och n\u00e5gra utvalda CAD-filer f\u00f6r de vanligaste formerna p\u00e5 trappor. Allt detta hittar du under Kundservice F\u00f6retag i v\u00e5r avdelning f\u00f6r dokumentation och r\u00e5dgivning. Hittar du inte det du s\u00f6ker s\u00e5 kontakta oss s\u00e5 hj\u00e4lper vi dig med dina fr\u00e5gor. Visste du att vi g\u00e4rna levererar serietillverkade trappor utformade f\u00f6r att passa just ert byggprojekt. Och beh\u00f6ver ni hj\u00e4lp med montering kan vi fixa \u00e4ven det. Vi kan leverera trapporna fabriksmonterade i l\u00f6p. Det betyder att vi redan i [&hellip;]<\/p>\n","protected":false},"author":1,"featured_media":18147,"parent":0,"menu_order":0,"comment_status":"closed","ping_status":"closed","template":"","meta":{"_acf_changed":false,"footnotes":""},"sidtyp":[],"class_list":["post-32","page","type-page","status-publish","has-post-thumbnail","hentry"],"acf":[],"_links":{"self":[{"href":"https:\/\/www.dromtrappor.se\/en\/wp-json\/wp\/v2\/pages\/32","targetHints":{"allow":["GET"]}}],"collection":[{"href":"https:\/\/www.dromtrappor.se\/en\/wp-json\/wp\/v2\/pages"}],"about":[{"href":"https:\/\/www.dromtrappor.se\/en\/wp-json\/wp\/v2\/types\/page"}],"author":[{"embeddable":true,"href":"https:\/\/www.dromtrappor.se\/en\/wp-json\/wp\/v2\/users\/1"}],"replies":[{"embeddable":true,"href":"https:\/\/www.dromtrappor.se\/en\/wp-json\/wp\/v2\/comments?post=32"}],"version-history":[{"count":5,"href":"https:\/\/www.dromtrappor.se\/en\/wp-json\/wp\/v2\/pages\/32\/revisions"}],"predecessor-version":[{"id":20176,"href":"https:\/\/www.dromtrappor.se\/en\/wp-json\/wp\/v2\/pages\/32\/revisions\/20176"}],"wp:featuredmedia":[{"embeddable":true,"href":"https:\/\/www.dromtrappor.se\/en\/wp-json\/wp\/v2\/media\/18147"}],"wp:attachment":[{"href":"https:\/\/www.dromtrappor.se\/en\/wp-json\/wp\/v2\/media?parent=32"}],"wp:term":[{"taxonomy":"sidtyp","embeddable":true,"href":"https:\/\/www.dromtrappor.se\/en\/wp-json\/wp\/v2\/sidtyp?post=32"}],"curies":[{"name":"wp","href":"https:\/\/api.w.org\/{rel}","templated":true}]}}