{"id":33,"date":"2017-05-04T11:31:08","date_gmt":"2017-05-04T09:31:08","guid":{"rendered":"https:\/\/app-dromtrappor.iyvmxlwvf7-ypj68nz7v6l2.p.temp-site.link\/om-oss\/"},"modified":"2023-10-09T11:49:31","modified_gmt":"2023-10-09T09:49:31","slug":"about-us","status":"publish","type":"page","link":"https:\/\/www.dromtrappor.se\/en\/om-oss\/","title":{"rendered":"About us"},"content":{"rendered":"<h2>Market-leading manufacturer<\/h2>\n<p>As a leader in the industry, we are also driving safety issues. We work systematically to develop safety in the stair environment, both internally and for the entire industry.<\/p>\n<p>We have developed a number of smart solutions that make the stairs both safer and more beautiful - for example MountIn\u00ae - and are constantly developing new methods to increase the customers&#039; opportunities to get exactly the stairs they dream of.<\/p>\n<p>Our headquarters and manufacturing are located in the small community of Norsj\u00f6, V\u00e4sterbotten. There we have one of Europe&#039;s largest facilities for the production of wooden stairs. At the same time, it is one of the most modern with a variety of special machines. About 100 people work here, all of whom are passionate about developing and manufacturing the world&#039;s most attractive wooden stairs.<\/p>\n<h3>With the heart in Norsj\u00f6<\/h3>\n<p>Dr\u00f6mtrappor has its heart in Norsj\u00f6, one of Sweden&#039;s smallest municipalities with just over 4,000 inhabitants. Here, the forest has always been present and offered both work and recreation. An extensive forest landscape with many lakes invites you to enjoy the outdoors while the forest and wood industry provides jobs.<\/p>\n<p>Norsj\u00f6 is important to us. We have been here since 1923. First as B\u00f6le Snickerifabrik, then as Tr\u00e4trappor and now under the name Dr\u00f6mtrappor. This is where we have our security. In Norsj\u00f6, there is a genuine knowledge of wood that is difficult to find anywhere else. It is also a place characterized by positive spirit and development.<\/p>\n<p>&nbsp;<\/p>\n<figure id=\"attachment_467\" aria-describedby=\"caption-attachment-467\" style=\"width: 870px\" class=\"wp-caption alignnone\"><img loading=\"lazy\" decoding=\"async\" class=\"wp-image-467 size-full\" src=\"https:\/\/www.dromtrappor.se\/wp-content\/uploads\/2017\/05\/norsjo-kommun-870.jpg\" alt=\"\" width=\"870\" height=\"400\" srcset=\"https:\/\/www.dromtrappor.se\/wp-content\/uploads\/2017\/05\/norsjo-kommun-870.jpg 870w, https:\/\/www.dromtrappor.se\/wp-content\/uploads\/2017\/05\/norsjo-kommun-870-600x276.jpg 600w, https:\/\/www.dromtrappor.se\/wp-content\/uploads\/2017\/05\/norsjo-kommun-870-768x353.jpg 768w, https:\/\/www.dromtrappor.se\/wp-content\/uploads\/2017\/05\/norsjo-kommun-870-720x331.jpg 720w\" sizes=\"auto, (max-width: 870px) 100vw, 870px\" \/><figcaption id=\"caption-attachment-467\" class=\"wp-caption-text\">Photographer: Lars Bygdemark<\/figcaption><\/figure>\n<h3>Company facts:<\/h3>\n<p>Visiting address head office and factory<\/p>\n<p>Dr\u00f6mtrappor AB, Snickargatan 2, 935 32 Norsj\u00f6<\/p>\n<p>Phone: 0918-258 00<br \/>\nOrg no. 556309-7038<\/p>","protected":false},"excerpt":{"rendered":"<p>Dr\u00f6mtrappor AB is the Nordic region&#039;s largest and leading stair manufacturer. We have been building stairs since 1923 and with our experience and competence we lead the development in the industry.<\/p>","protected":false},"author":1,"featured_media":465,"parent":0,"menu_order":10,"comment_status":"closed","ping_status":"closed","template":"","meta":{"_acf_changed":false,"footnotes":""},"sidtyp":[],"class_list":["post-33","page","type-page","status-publish","has-post-thumbnail","hentry"],"acf":[],"_links":{"self":[{"href":"https:\/\/www.dromtrappor.se\/en\/wp-json\/wp\/v2\/pages\/33","targetHints":{"allow":["GET"]}}],"collection":[{"href":"https:\/\/www.dromtrappor.se\/en\/wp-json\/wp\/v2\/pages"}],"about":[{"href":"https:\/\/www.dromtrappor.se\/en\/wp-json\/wp\/v2\/types\/page"}],"author":[{"embeddable":true,"href":"https:\/\/www.dromtrappor.se\/en\/wp-json\/wp\/v2\/users\/1"}],"replies":[{"embeddable":true,"href":"https:\/\/www.dromtrappor.se\/en\/wp-json\/wp\/v2\/comments?post=33"}],"version-history":[{"count":5,"href":"https:\/\/www.dromtrappor.se\/en\/wp-json\/wp\/v2\/pages\/33\/revisions"}],"predecessor-version":[{"id":19799,"href":"https:\/\/www.dromtrappor.se\/en\/wp-json\/wp\/v2\/pages\/33\/revisions\/19799"}],"wp:featuredmedia":[{"embeddable":true,"href":"https:\/\/www.dromtrappor.se\/en\/wp-json\/wp\/v2\/media\/465"}],"wp:attachment":[{"href":"https:\/\/www.dromtrappor.se\/en\/wp-json\/wp\/v2\/media?parent=33"}],"wp:term":[{"taxonomy":"sidtyp","embeddable":true,"href":"https:\/\/www.dromtrappor.se\/en\/wp-json\/wp\/v2\/sidtyp?post=33"}],"curies":[{"name":"wp","href":"https:\/\/api.w.org\/{rel}","templated":true}]}}