{"id":40,"date":"2017-08-24T08:08:18","date_gmt":"2017-08-24T06:08:18","guid":{"rendered":"https:\/\/app-dromtrappor.iyvmxlwvf7-ypj68nz7v6l2.p.temp-site.link\/om-oss\/jobb\/"},"modified":"2025-01-22T09:29:14","modified_gmt":"2025-01-22T08:29:14","slug":"job","status":"publish","type":"page","link":"https:\/\/www.dromtrappor.se\/en\/om-oss\/jobb\/","title":{"rendered":"Work with us"},"content":{"rendered":"<p>&nbsp;<\/p>\n<hr \/>\n<h3><\/h3>\n<h2>We are currently looking for a salesperson for Dr\u00f6mtrappor.<\/h2>\n<p><a href=\"https:\/\/www.dromtrappor.se\/en\/about-us\/job\/seller-of-dream-stairs\/\" rel=\"noopener\">read more here<\/a><\/p>\n<p>&nbsp;<\/p>\n<hr \/>\n<p>&nbsp;<\/p>\n<p>In Norsj\u00f6, you get a quality of life close to work, childcare, leisure activities and friends. Here, life is a little easier to live. Norsj\u00f6 is important to us. We have been here since 1923. First as B\u00f6le Snickerifabrik, then as Tr\u00e4trappor and now under the name Dr\u00f6mtrappor. This is where we have our security.<\/p>\n<p>In Norsj\u00f6, there is a genuine knowledge of wood that is difficult to find anywhere else. It is also a place characterized by positive spirit and development. Something that is at least as important because we constantly want to get better when we compete on an international playing field.<\/p>\n<p>This is also why we are always interested in competent, driven and talented people who want to become our new employees. Regardless of whether you want to change jobs or have just graduated or graduated, we want you to see us as an interesting employer.<\/p>\n<p>We are a world-leading company that simply wants to be the best at what we do. We want to constantly improve, develop and learn faster than our competitors.<\/p>\n<p><img loading=\"lazy\" decoding=\"async\" class=\"size-full wp-image-1369 alignnone\" src=\"https:\/\/www.dromtrappor.se\/wp-content\/uploads\/2017\/08\/jobba-hos-oss.jpg\" alt=\"\" width=\"870\" height=\"400\"><\/p>\n<p>Dr\u00f6mtrappor is the Nordic region&#039;s leading manufacturer of wooden stairs with a modern production facility in Norsj\u00f6, where we also have our headquarters. Today, we are a modern manufacturing industry with a variety of skills. Over the years, our genuine craftsmanship has been supplemented with the special skills required such as construction technology, planning, design and project management.<\/p>\n<p>In addition to the head office and manufacturing in Norsj\u00f6, we also have a sales office and store in Stockholm and Gothenburg. These workplaces do not offer the proximity to nature and tranquility that our head office in Norsj\u00f6 does, but instead a proximity to our customers in all our segments, craftsmen, construction companies and above all private individuals. Much of the work in the store involves helping the private customer with everything from design proposals to measurement and project management of the assembly.<\/p>\n<h2>Other Services<\/h2>\n<p>If we don&#039;t have a vacancy that suits you right now, you can still send in your expression of interest to work with us. We are always interested in competent, enthusiastic and committed employees. Briefly describe what qualities and skills you can contribute and send it to <a href=\"maitlo:jobb@dromtrappor.se\">jobb@dromtrappor.se<\/a>. Please also attach your CV.<\/p>","protected":false},"excerpt":{"rendered":"<p>We have a proud origin and safe domicile in Norsj\u00f6, which offers a combination of beautiful surroundings, nice people and exciting companies.<\/p>","protected":false},"author":1,"featured_media":0,"parent":33,"menu_order":0,"comment_status":"closed","ping_status":"closed","template":"","meta":{"_acf_changed":false,"footnotes":""},"sidtyp":[],"class_list":["post-40","page","type-page","status-publish","hentry"],"acf":[],"_links":{"self":[{"href":"https:\/\/www.dromtrappor.se\/en\/wp-json\/wp\/v2\/pages\/40","targetHints":{"allow":["GET"]}}],"collection":[{"href":"https:\/\/www.dromtrappor.se\/en\/wp-json\/wp\/v2\/pages"}],"about":[{"href":"https:\/\/www.dromtrappor.se\/en\/wp-json\/wp\/v2\/types\/page"}],"author":[{"embeddable":true,"href":"https:\/\/www.dromtrappor.se\/en\/wp-json\/wp\/v2\/users\/1"}],"replies":[{"embeddable":true,"href":"https:\/\/www.dromtrappor.se\/en\/wp-json\/wp\/v2\/comments?post=40"}],"version-history":[{"count":5,"href":"https:\/\/www.dromtrappor.se\/en\/wp-json\/wp\/v2\/pages\/40\/revisions"}],"predecessor-version":[{"id":24290,"href":"https:\/\/www.dromtrappor.se\/en\/wp-json\/wp\/v2\/pages\/40\/revisions\/24290"}],"up":[{"embeddable":true,"href":"https:\/\/www.dromtrappor.se\/en\/wp-json\/wp\/v2\/pages\/33"}],"wp:attachment":[{"href":"https:\/\/www.dromtrappor.se\/en\/wp-json\/wp\/v2\/media?parent=40"}],"wp:term":[{"taxonomy":"sidtyp","embeddable":true,"href":"https:\/\/www.dromtrappor.se\/en\/wp-json\/wp\/v2\/sidtyp?post=40"}],"curies":[{"name":"wp","href":"https:\/\/api.w.org\/{rel}","templated":true}]}}