{"id":48,"date":"2017-09-18T13:29:45","date_gmt":"2017-09-18T11:29:45","guid":{"rendered":"https:\/\/app-dromtrappor.iyvmxlwvf7-ypj68nz7v6l2.p.temp-site.link\/kopvillkor\/"},"modified":"2024-01-31T08:31:13","modified_gmt":"2024-01-31T07:31:13","slug":"cup-conditions","status":"publish","type":"page","link":"https:\/\/www.dromtrappor.se\/en\/kopvillkor\/","title":{"rendered":"Terms of purchase"},"content":{"rendered":"<h2>Generally<\/h2>\n<p>Provisions according to ABM07 or the Consumer Purchase Act form the basis of our terms and conditions. You will always receive an offer\/quote from us which you must accept via email before we consider that we have an order.<\/p>\n<p>Payment terms 30 days after approved credit check. After the due date, late payment interest + reference interest is charged with 8%<\/p>\n<p>The price is valid for 3 months from the date of the offer, after which the price will be adjusted based on the price level in effect at the time.<\/p>\n<p>When ordering, state whether you wish to purchase the staircase(s) including assembly.<\/p>\n<h3>Deliveries<\/h3>\n<p>Delivery week from factory is obtained when final measurements have been sent to us at Dr\u00f6mtrappor AB and you have approved the control measurement drawing. The delivery time varies depending on the occupancy in our factory, but orders are always handled in the order in which they are received.<\/p>\n<p>Delivery takes place as standard in flat packages and is delivered loose to buyers (LOK). If other options are desired, these agreements must be made with the responsible seller.<\/p>\n<p>If the order contains more than one delivery, a delivery plan will be drawn up with reconciliation points such as the last day for final measurements. This is so that we can guarantee manufacturing and delivery times.<\/p>\n<h3>Mounting<\/h3>\n<p>If assembly is included, you will be contacted by one of our assembly managers who will book an appointment. Installation assumes that the stairwell is built according to the drawing and that the following points are met; Wooden studs in wall min. cc 600. No underfloor heating where the stairs must be attached to the floor. That all adjacent walls are finished. Otherwise, the conditions in the appendix Conditions for measurement and assembly apply.<\/p>\n<p>If you intend to assemble yourself, our instructions must be followed.<\/p>\n<h3>Guarantees<\/h3>\n<p>5 year construction warranty. Warranty on installation is only provided if one of our certified installers has carried out the work. Warranty measures for wear and tear are not carried out or paid for by Dr\u00f6mtrappor AB or our subcontractors. Read the care instructions for the type of finish or material you have chosen.<\/p>\n<h3>Payment terms<\/h3>\n<p>We insure all our accounts receivable with the insurance company Euler Hermes.<\/p>\n<p>If insurance is granted, a 30-day credit period applies as payment terms.<\/p>\n<p>If the insurance is not granted, the parent company guarantee or new financial reports can be taken in for a new assessment. If, after this, Euler Hermes is also unable to grant insurance, payment conditions are set in advance.<\/p>\n<p>If credit insurance is revoked during the current contract period, we reserve the right to change payment terms.<\/p>\n<p>After the due date, late payment interest + reference interest is charged with 10%<\/p>\n<h3>Deliveries<\/h3>\n<p>The stairs are delivered as standard in flat packages, strapped on a pallet.<br \/>\nWhen choosing factory-assembled stair treads (optional), the rails, steps and any risers are sent fully assembled in sections. Other parts are sent loose, bundled in separate packages.<\/p>\n<h3>Generally<\/h3>\n<p>Note that storage areas under dense stairs should be well ventilated.<br \/>\nHeat sources, e.g. water heater, should not be built in under the stairs.<br \/>\nDrying out the wood can cause creaking and\/or cracking.<\/p>","protected":false},"excerpt":{"rendered":"<p>Allm\u00e4nt Best\u00e4mmelser enligt ABM07 eller konsumentk\u00f6plagen ligger till grund f\u00f6r v\u00e5ra villkor. Du f\u00e5r alltid ett anbud\/en offert fr\u00e5n oss som du m\u00e5ste acceptera via e-post innan vi anser att vi har en best\u00e4llning. Betalningsvillkor 30 dagar efter godk\u00e4nd kreditpr\u00f6vning. Efter f\u00f6rfallodatum debiteras dr\u00f6jsm\u00e5lsr\u00e4nta + referensr\u00e4nta med 8% Priset g\u00e4ller 3 m\u00e5nader fr\u00e5n anbudets datum d\u00e4refter sker prisjustering utifr\u00e5n vid tiden g\u00e4llande prisniv\u00e5. Vid best\u00e4llning, ange om du \u00f6nskar k\u00f6pa trappan\/trapporna inklusive montage. Leveranser Leveransvecka fr\u00e5n fabrik erh\u00e5lls n\u00e4r slutliga m\u00e5tt har skickat till oss p\u00e5 Dr\u00f6mtrappor AB och ni har godk\u00e4nt kontrollm\u00e5ttritningen. Leveranstiden varierar beroende p\u00e5 bel\u00e4ggningen i v\u00e5r [&hellip;]<\/p>\n","protected":false},"author":1,"featured_media":0,"parent":0,"menu_order":0,"comment_status":"closed","ping_status":"closed","template":"","meta":{"_acf_changed":false,"footnotes":""},"sidtyp":[248],"class_list":["post-48","page","type-page","status-publish","hentry","sidtyp-vanlig-sidomeny"],"acf":[],"_links":{"self":[{"href":"https:\/\/www.dromtrappor.se\/en\/wp-json\/wp\/v2\/pages\/48","targetHints":{"allow":["GET"]}}],"collection":[{"href":"https:\/\/www.dromtrappor.se\/en\/wp-json\/wp\/v2\/pages"}],"about":[{"href":"https:\/\/www.dromtrappor.se\/en\/wp-json\/wp\/v2\/types\/page"}],"author":[{"embeddable":true,"href":"https:\/\/www.dromtrappor.se\/en\/wp-json\/wp\/v2\/users\/1"}],"replies":[{"embeddable":true,"href":"https:\/\/www.dromtrappor.se\/en\/wp-json\/wp\/v2\/comments?post=48"}],"version-history":[{"count":5,"href":"https:\/\/www.dromtrappor.se\/en\/wp-json\/wp\/v2\/pages\/48\/revisions"}],"predecessor-version":[{"id":23631,"href":"https:\/\/www.dromtrappor.se\/en\/wp-json\/wp\/v2\/pages\/48\/revisions\/23631"}],"wp:attachment":[{"href":"https:\/\/www.dromtrappor.se\/en\/wp-json\/wp\/v2\/media?parent=48"}],"wp:term":[{"taxonomy":"sidtyp","embeddable":true,"href":"https:\/\/www.dromtrappor.se\/en\/wp-json\/wp\/v2\/sidtyp?post=48"}],"curies":[{"name":"wp","href":"https:\/\/api.w.org\/{rel}","templated":true}]}}