{"id":51,"date":"2017-09-18T13:41:07","date_gmt":"2017-09-18T11:41:07","guid":{"rendered":"https:\/\/app-dromtrappor.iyvmxlwvf7-ypj68nz7v6l2.p.temp-site.link\/for-hustillverkare\/"},"modified":"2023-10-25T14:47:42","modified_gmt":"2023-10-25T12:47:42","slug":"for-house-manufacturers","status":"publish","type":"page","link":"https:\/\/www.dromtrappor.se\/en\/for-hustillverkare\/","title":{"rendered":"For house manufacturers"},"content":{"rendered":"<p>We are Sweden&#039;s largest stair supplier and have agreements with many of the Swedish house manufacturers. There are almost as many variants of agreements as there are house manufacturers and it is therefore difficult to say exactly how it works. We believe that it is one of our strengths that we are actually quite flexible and have the opportunity to adapt both the standard staircase, the options and the layout based on you as a customer.<\/p>\n<p>With us, you get a supplier who is comprehensive when it comes to stair solutions. We can help you with standard stairs that are exactly the same every time or a standard model that is custom-made for every order, regardless of whether your standard is basic or special (see <a href=\"https:\/\/www.dromtrappor.se\/en\/indoor-stairs\/\">Products\/Indoor stairs<\/a>). In our range you will find stairs for both the villa and the holiday home and now also attic stairs and wall hatches (<a href=\"https:\/\/www.midmade.se\" target=\"_blank\" rel=\"noopener nofollow\">MidMade<\/a>).<\/p>\n<p>If your customer has really specific requests, we have sales offices in Stockholm and Gothenburg that, by agreement, can help the end customer find the right one. Contact us and we will find a plan that works for you!<\/p>\n<p>If you, as a house manufacturer, want to keep up to date with what is happening with us, we recommend that you sign up for our newsletter. A maximum of four times a year, we send you a digital newsletter with product news or important information tailored to you as a professional customer. Send us your email address and you won&#039;t miss anything!<\/p>","protected":false},"excerpt":{"rendered":"<p>Vi \u00e4r Sveriges st\u00f6rsta trappleverant\u00f6r och har avtal med m\u00e5nga av de svenska hustillverkarena. Det finns n\u00e4stan lika m\u00e5nga varianter av avtal som det finns hustillverkare och det \u00e4r d\u00e4rf\u00f6r sv\u00e5rt att s\u00e4ga exakt hur det g\u00e5r till. Vi tror att det \u00e4r en av v\u00e5ra styrkor att vi faktiskt \u00e4r ganska flexibla och har m\u00f6jlighet att anpassa b\u00e5de standardtrappan, tillvalen och uppl\u00e4gget utifr\u00e5n dig som kund. Hos oss f\u00e5r du en leverant\u00f6r som \u00e4r helt\u00e4ckande n\u00e4r det g\u00e4ller trappl\u00f6sningar. Vi kan hj\u00e4lpa er med standardtrappor som \u00e4r exakt likadana varje g\u00e5ng eller en standardmodell som m\u00e5ttanpassas vid varje best\u00e4llning [&hellip;]<\/p>\n","protected":false},"author":1,"featured_media":18120,"parent":0,"menu_order":0,"comment_status":"closed","ping_status":"closed","template":"","meta":{"_acf_changed":false,"footnotes":""},"sidtyp":[252],"class_list":["post-51","page","type-page","status-publish","has-post-thumbnail","hentry","sidtyp-full-bredd"],"acf":[],"_links":{"self":[{"href":"https:\/\/www.dromtrappor.se\/en\/wp-json\/wp\/v2\/pages\/51","targetHints":{"allow":["GET"]}}],"collection":[{"href":"https:\/\/www.dromtrappor.se\/en\/wp-json\/wp\/v2\/pages"}],"about":[{"href":"https:\/\/www.dromtrappor.se\/en\/wp-json\/wp\/v2\/types\/page"}],"author":[{"embeddable":true,"href":"https:\/\/www.dromtrappor.se\/en\/wp-json\/wp\/v2\/users\/1"}],"replies":[{"embeddable":true,"href":"https:\/\/www.dromtrappor.se\/en\/wp-json\/wp\/v2\/comments?post=51"}],"version-history":[{"count":5,"href":"https:\/\/www.dromtrappor.se\/en\/wp-json\/wp\/v2\/pages\/51\/revisions"}],"predecessor-version":[{"id":20183,"href":"https:\/\/www.dromtrappor.se\/en\/wp-json\/wp\/v2\/pages\/51\/revisions\/20183"}],"wp:featuredmedia":[{"embeddable":true,"href":"https:\/\/www.dromtrappor.se\/en\/wp-json\/wp\/v2\/media\/18120"}],"wp:attachment":[{"href":"https:\/\/www.dromtrappor.se\/en\/wp-json\/wp\/v2\/media?parent=51"}],"wp:term":[{"taxonomy":"sidtyp","embeddable":true,"href":"https:\/\/www.dromtrappor.se\/en\/wp-json\/wp\/v2\/sidtyp?post=51"}],"curies":[{"name":"wp","href":"https:\/\/api.w.org\/{rel}","templated":true}]}}