{"id":52,"date":"2017-09-18T13:41:50","date_gmt":"2017-09-18T11:41:50","guid":{"rendered":"https:\/\/app-dromtrappor.iyvmxlwvf7-ypj68nz7v6l2.p.temp-site.link\/for-hantverkare\/"},"modified":"2023-10-25T14:46:15","modified_gmt":"2023-10-25T12:46:15","slug":"for-craftsmen","status":"publish","type":"page","link":"https:\/\/www.dromtrappor.se\/en\/for-hantverkare\/","title":{"rendered":"For craftsmen"},"content":{"rendered":"<p>Many craftsmen today receive assignments that involve a lot of time, built-in kitchens and storage variants, e.g. The staircase is such a detail that we know many craftsmen get questions about but may not have time to do. The fact that you can carve the stairs yourself does not matter as much when time is not quite enough. If you choose to buy the staircase from us and then install it at your customer&#039;s place, the result is guaranteed to be a stylish, safe and functional staircase that your customer will be satisfied with. You and your team get more time for the other details.<\/p>\n<p>Get in touch with one of our local sales offices and you will get help with both drawing up and ordering. If there is no local sales office nearby, our customer service will help with sales documents, drawings and quotations. Feel free to use our order form (which you will receive if you contact our customer service) and send us a scaled floor plan of the house and we will have what we need to give you a correct basis.<\/p>\n<p>You sell and install the stairs. We manufacture it.<\/p>\n<p><a href=\"https:\/\/www.dromtrappor.se\/en\/contact-us\/\">Contact Us<\/a><\/p>","protected":false},"excerpt":{"rendered":"<p>M\u00e5nga hantverkare f\u00e5r idag uppdrag som inneb\u00e4r mycket tid, platsbyggda k\u00f6k och f\u00f6rvaringsvarianter t ex. Trappan \u00e4r en s\u00e5dan detalj som vi vet att m\u00e5nga hantverkare f\u00e5r fr\u00e5gor om men kanske inte hinner med. Att du kan snickra trappan sj\u00e4lv spelar inte lika stor roll n\u00e4r tiden inte riktigt r\u00e4cker till. V\u00e4ljer du att k\u00f6pa trappan av oss och sedan installera den hos din kund blir resultatet garanterat en snygg, s\u00e4ker och funktionell trappa som din kund kommer att bli n\u00f6jd med. Du och ditt team f\u00e5r mer tid \u00f6ver till de andra detaljerna. H\u00f6r av dig till n\u00e5got av [&hellip;]<\/p>\n","protected":false},"author":1,"featured_media":18148,"parent":0,"menu_order":0,"comment_status":"closed","ping_status":"closed","template":"","meta":{"_acf_changed":false,"footnotes":""},"sidtyp":[252],"class_list":["post-52","page","type-page","status-publish","has-post-thumbnail","hentry","sidtyp-full-bredd"],"acf":[],"_links":{"self":[{"href":"https:\/\/www.dromtrappor.se\/en\/wp-json\/wp\/v2\/pages\/52","targetHints":{"allow":["GET"]}}],"collection":[{"href":"https:\/\/www.dromtrappor.se\/en\/wp-json\/wp\/v2\/pages"}],"about":[{"href":"https:\/\/www.dromtrappor.se\/en\/wp-json\/wp\/v2\/types\/page"}],"author":[{"embeddable":true,"href":"https:\/\/www.dromtrappor.se\/en\/wp-json\/wp\/v2\/users\/1"}],"replies":[{"embeddable":true,"href":"https:\/\/www.dromtrappor.se\/en\/wp-json\/wp\/v2\/comments?post=52"}],"version-history":[{"count":5,"href":"https:\/\/www.dromtrappor.se\/en\/wp-json\/wp\/v2\/pages\/52\/revisions"}],"predecessor-version":[{"id":20181,"href":"https:\/\/www.dromtrappor.se\/en\/wp-json\/wp\/v2\/pages\/52\/revisions\/20181"}],"wp:featuredmedia":[{"embeddable":true,"href":"https:\/\/www.dromtrappor.se\/en\/wp-json\/wp\/v2\/media\/18148"}],"wp:attachment":[{"href":"https:\/\/www.dromtrappor.se\/en\/wp-json\/wp\/v2\/media?parent=52"}],"wp:term":[{"taxonomy":"sidtyp","embeddable":true,"href":"https:\/\/www.dromtrappor.se\/en\/wp-json\/wp\/v2\/sidtyp?post=52"}],"curies":[{"name":"wp","href":"https:\/\/api.w.org\/{rel}","templated":true}]}}