{"id":63,"date":"2017-11-08T10:42:11","date_gmt":"2017-11-08T09:42:11","guid":{"rendered":"https:\/\/app-dromtrappor.iyvmxlwvf7-ypj68nz7v6l2.p.temp-site.link\/inomhustrappor\/tillval-och-tillbehor\/vangstycken\/"},"modified":"2023-10-26T13:14:23","modified_gmt":"2023-10-26T11:14:23","slug":"wing-pieces","status":"publish","type":"page","link":"https:\/\/www.dromtrappor.se\/en\/inomhustrappor\/tillval-och-tillbehor\/vangstycken\/","title":{"rendered":"Wing pieces"},"content":{"rendered":"<p>Our standard flanges are 40 mm (Solid) and 50 mm (Optimal) respectively, but the dimensions may vary depending on the size of the stairs, type of steps and railings. Straight right angles are always the starting point, which means that some stairs get a &quot;kink&quot; so that we can keep the step height the same and the ease of walking at the maximum. If you would rather have the wall piece turned, that is an option with us and there are a few more things that you can choose from when you buy your dream staircase.<\/p>\n<p><strong>Straight, curved or curved side pieces.<\/strong><br \/>\nStraight wall pieces are standard, but you can also choose curved ones that follow the rise of the stairs in a soft way or bent glued (Special) for round shapes.<\/p>\n<p><strong>Mountin, hidden attachment that gives smooth cheeks.<\/strong><br \/>\nMountIn\u00ae is a patented fitting that provides stairs with a completely smooth exterior with a genuine quality construction. Available as an option for most stairs with side rails. The mounting method provides a hidden attachment under the step and apart from the aesthetic advantages, it provides an easier and significantly less heavy work for our installers and not least an opportunity to retighten the screws in the stairs after installation.<\/p>\n<p><strong>Crumbling<\/strong><br \/>\nKrymlingsvang or krymlingsstolpe is a very common solution in Denmark and Germany. This means that parts of the wall piece, the inner corner post and\/or the handrail are curved, while the other parts of the stairs are perpendicular. It gives a soft, supple feel to an L- or U-shaped staircase.<\/p>","protected":false},"excerpt":{"rendered":"<p>V\u00e5ra standardvangstycken \u00e4r 40 mm (Solid) respektive 50 mm (Optimal) men dimensionerna kan variera beroende p\u00e5 storlek p\u00e5 trappa, typ av steg och r\u00e4cken. Raka r\u00e4ta vinklar \u00e4r alltid utg\u00e5ngspunkten vilket inneb\u00e4r att vissa trappa f\u00e5r en &#8220;knick&#8221; f\u00f6r att vi ska kunna h\u00e5lla stegh\u00f6jden lika och g\u00e5ngv\u00e4nligheten p\u00e5 max. \u00d6nskar du hellre f\u00e5 vangstycket sv\u00e4ngt s\u00e5 \u00e4r det ett tillval hos oss och det finns n\u00e5gra saker till som du kan v\u00e4lja till n\u00e4r du k\u00f6per din dr\u00f6mtrappa. Rak, sv\u00e4ngda eller b\u00f6jda vangstycken. Raka vangstycken \u00e4r standard men du kan ocks\u00e5 v\u00e4lja sv\u00e4ngda som f\u00f6ljer trappans stigning p\u00e5 ett [&hellip;]<\/p>\n","protected":false},"author":1,"featured_media":0,"parent":56,"menu_order":0,"comment_status":"closed","ping_status":"closed","template":"","meta":{"_acf_changed":false,"footnotes":""},"sidtyp":[],"class_list":["post-63","page","type-page","status-publish","hentry"],"acf":[],"_links":{"self":[{"href":"https:\/\/www.dromtrappor.se\/en\/wp-json\/wp\/v2\/pages\/63","targetHints":{"allow":["GET"]}}],"collection":[{"href":"https:\/\/www.dromtrappor.se\/en\/wp-json\/wp\/v2\/pages"}],"about":[{"href":"https:\/\/www.dromtrappor.se\/en\/wp-json\/wp\/v2\/types\/page"}],"author":[{"embeddable":true,"href":"https:\/\/www.dromtrappor.se\/en\/wp-json\/wp\/v2\/users\/1"}],"replies":[{"embeddable":true,"href":"https:\/\/www.dromtrappor.se\/en\/wp-json\/wp\/v2\/comments?post=63"}],"version-history":[{"count":5,"href":"https:\/\/www.dromtrappor.se\/en\/wp-json\/wp\/v2\/pages\/63\/revisions"}],"predecessor-version":[{"id":20288,"href":"https:\/\/www.dromtrappor.se\/en\/wp-json\/wp\/v2\/pages\/63\/revisions\/20288"}],"up":[{"embeddable":true,"href":"https:\/\/www.dromtrappor.se\/en\/wp-json\/wp\/v2\/pages\/56"}],"wp:attachment":[{"href":"https:\/\/www.dromtrappor.se\/en\/wp-json\/wp\/v2\/media?parent=63"}],"wp:term":[{"taxonomy":"sidtyp","embeddable":true,"href":"https:\/\/www.dromtrappor.se\/en\/wp-json\/wp\/v2\/sidtyp?post=63"}],"curies":[{"name":"wp","href":"https:\/\/api.w.org\/{rel}","templated":true}]}}